{"id":10,"date":"2019-02-14T12:51:07","date_gmt":"2019-02-14T12:51:07","guid":{"rendered":"https:\/\/sevetiimifi.test.cchosting.fi\/?page_id=10"},"modified":"2019-03-07T18:27:10","modified_gmt":"2019-03-07T18:27:10","slug":"yritys","status":"publish","type":"page","link":"https:\/\/sevetiimifi.test.cchosting.fi\/","title":{"rendered":"Yritys"},"content":{"rendered":"<h4><strong><span style=\"color: #1b1919;\">YRITYS<\/span><\/strong><\/h4>\n<p>SeVe TIIMI Oy on rautavaaralainen monialayritys, jonka toimenkuvaan kuuluvat mm. monipuoliset kuljetuspalvelut ja renkaiden myynti. Yrityksell\u00e4 on my\u00f6s autotarvike- ja sekatavaramyym\u00e4l\u00e4 Rautavaaran keskustassa.<\/p>\n<p>Kuljetamme vankalla ammattitaidolla ja asiakaspalvelusta tinkim\u00e4tt\u00e4 luotettavasti ja asiakasl\u00e4ht\u00f6isesti kolmen auton voimin l\u00e4hes kaikkea Savon seudulla, noin sadan kilometrin s\u00e4teell\u00e4 Rautavaarasta. Automme ovat riitt\u00e4v\u00e4n isot keskisuurillekin paketeille, mutta tarpeeksi pienet my\u00f6s pienemmille teille, jolloin kuljetustarpeenne mukaan saamme paketit toimitettua varmasti perille.<\/p>\n<p>Monipuolisen yrityksen toimenkuvan t\u00e4ydent\u00e4v\u00e4t polttopuiden teko ja myynti, sek\u00e4 lumenauraukset.<\/p>\n<p><img loading=\"lazy\" decoding=\"async\" class=\"alignnone wp-image-333 size-full\" src=\"http:\/\/sevetiimi.fi\/wp-content\/uploads\/2019\/03\/rengastarjous.jpg\" alt=\"\" width=\"1920\" height=\"643\" srcset=\"https:\/\/sevetiimifi.test.cchosting.fi\/wp-content\/uploads\/2019\/03\/rengastarjous.jpg 1920w, https:\/\/sevetiimifi.test.cchosting.fi\/wp-content\/uploads\/2019\/03\/rengastarjous-300x100.jpg 300w, https:\/\/sevetiimifi.test.cchosting.fi\/wp-content\/uploads\/2019\/03\/rengastarjous-768x257.jpg 768w, https:\/\/sevetiimifi.test.cchosting.fi\/wp-content\/uploads\/2019\/03\/rengastarjous-1024x343.jpg 1024w\" sizes=\"(max-width: 1920px) 100vw, 1920px\" \/><\/p>\n","protected":false},"excerpt":{"rendered":"<p>YRITYS SeVe TIIMI Oy on rautavaaralainen monialayritys, jonka toimenkuvaan kuuluvat mm. monipuoliset kuljetuspalvelut ja renkaiden myynti. Yrityksell\u00e4 on my\u00f6s autotarvike- ja sekatavaramyym\u00e4l\u00e4 Rautavaaran keskustassa. Kuljetamme vankalla ammattitaidolla ja asiakaspalvelusta tinkim\u00e4tt\u00e4 luotettavasti ja asiakasl\u00e4ht\u00f6isesti kolmen auton voimin l\u00e4hes kaikkea Savon seudulla, noin sadan kilometrin s\u00e4teell\u00e4 Rautavaarasta. Automme ovat riitt\u00e4v\u00e4n isot keskisuurillekin paketeille, mutta tarpeeksi pienet my\u00f6s&hellip;<\/p>\n","protected":false},"author":1,"featured_media":316,"parent":0,"menu_order":0,"comment_status":"closed","ping_status":"closed","template":"","meta":{"footnotes":""},"class_list":["post-10","page","type-page","status-publish","has-post-thumbnail","hentry"],"_links":{"self":[{"href":"https:\/\/sevetiimifi.test.cchosting.fi\/index.php?rest_route=\/wp\/v2\/pages\/10"}],"collection":[{"href":"https:\/\/sevetiimifi.test.cchosting.fi\/index.php?rest_route=\/wp\/v2\/pages"}],"about":[{"href":"https:\/\/sevetiimifi.test.cchosting.fi\/index.php?rest_route=\/wp\/v2\/types\/page"}],"author":[{"embeddable":true,"href":"https:\/\/sevetiimifi.test.cchosting.fi\/index.php?rest_route=\/wp\/v2\/users\/1"}],"replies":[{"embeddable":true,"href":"https:\/\/sevetiimifi.test.cchosting.fi\/index.php?rest_route=%2Fwp%2Fv2%2Fcomments&post=10"}],"version-history":[{"count":14,"href":"https:\/\/sevetiimifi.test.cchosting.fi\/index.php?rest_route=\/wp\/v2\/pages\/10\/revisions"}],"predecessor-version":[{"id":334,"href":"https:\/\/sevetiimifi.test.cchosting.fi\/index.php?rest_route=\/wp\/v2\/pages\/10\/revisions\/334"}],"wp:featuredmedia":[{"embeddable":true,"href":"https:\/\/sevetiimifi.test.cchosting.fi\/index.php?rest_route=\/wp\/v2\/media\/316"}],"wp:attachment":[{"href":"https:\/\/sevetiimifi.test.cchosting.fi\/index.php?rest_route=%2Fwp%2Fv2%2Fmedia&parent=10"}],"curies":[{"name":"wp","href":"https:\/\/api.w.org\/{rel}","templated":true}]}}