{"id":15,"date":"2019-02-14T12:53:14","date_gmt":"2019-02-14T12:53:14","guid":{"rendered":"https:\/\/sevetiimifi.test.cchosting.fi\/?page_id=15"},"modified":"2019-03-12T06:12:10","modified_gmt":"2019-03-12T06:12:10","slug":"kuljetus-ja-kuriiripalvelut","status":"publish","type":"page","link":"https:\/\/sevetiimifi.test.cchosting.fi\/?page_id=15","title":{"rendered":"Kuljetuspalvelut"},"content":{"rendered":"<h4><strong><span style=\"color: #1b1919;\">KULJETUSPALVELUT<\/span><\/strong><\/h4>\n<p><strong><span style=\"color: #1b1919;\">Kuljetuspalvelut ja lehdenjako<\/span><\/strong><\/p>\n<p><div class='content-column one_half'><span style=\"color: #1b1919;\">SeVe Tiimin kuljetuspalvelu suorittaa p\u00e4\u00e4s\u00e4\u00e4nt\u00f6isesti postin varhaisjakoa. T\u00e4ll\u00e4 hetkell\u00e4 meill\u00e4 on k\u00e4yt\u00f6ss\u00e4mme kolme autoa kokoluokaltaan Xm3 joilla jakelu tapahtuu p\u00e4\u00e4s\u00e4\u00e4nt\u00f6isesti 100 kilometrin s\u00e4teell\u00e4 Rautavaarasta.<\/span><\/p>\n<p>Joustavan kuljetuspalvelumme ja kattavan toimitusalueemme ansiosta pystymme tarvittaessa toimittamaan my\u00f6s pienet ja keskisuuret paketit k\u00e4tev\u00e4sti perille toimintalueemme rajoissa.<\/p>\n<p>Kuljetuspalvelumme kautta on mahdollista saada esimerkiksi mainosjakelua kotitalouksiin. Mik\u00e4li sinulla on mainos yrityksest\u00e4si\/palvelustasi jonka haluaisit meid\u00e4n jakavan, ota yhteytt\u00e4 niin laitetaan mainos jakoon! Jaamme mainoksesi normaalin varhaisjaon ohella joten tavoitat asiakkaasi juuri p\u00e4iv\u00e4n parhaaseen hetkeen.<\/p>\n<p>Valitettavasti emme pysty toimittamaan aivan kaikkea perille. Alla lista tuotteista joita emme pysty kuljettamaan:<\/p>\n<ul>\n<li>R\u00e4j\u00e4hdysherk\u00e4t tuotteet<\/li>\n<li>Lemmikkiel\u00e4imet<\/li>\n<li>Aerosolit<\/li>\n<li>Kaasut<\/li>\n<li>Aseet<\/li>\n<\/ul><\/div><div class='content-column one_half last_column'><img loading=\"lazy\" decoding=\"async\" class=\"size-medium wp-image-40 aligncenter\" src=\"https:\/\/sevetiimifi.test.cchosting.fi\/wp-content\/uploads\/2019\/02\/Lehtijakelu1-300x191-300x191.jpg\" alt=\"\" width=\"300\" height=\"191\" \/><\/p>\n<p><img loading=\"lazy\" decoding=\"async\" class=\"size-medium wp-image-37 aligncenter\" src=\"https:\/\/sevetiimifi.test.cchosting.fi\/wp-content\/uploads\/2019\/02\/Pakettikuljetus1-300x217.jpg\" alt=\"\" width=\"300\" height=\"217\" srcset=\"https:\/\/sevetiimifi.test.cchosting.fi\/wp-content\/uploads\/2019\/02\/Pakettikuljetus1-300x217.jpg 300w, https:\/\/sevetiimifi.test.cchosting.fi\/wp-content\/uploads\/2019\/02\/Pakettikuljetus1-768x555.jpg 768w, https:\/\/sevetiimifi.test.cchosting.fi\/wp-content\/uploads\/2019\/02\/Pakettikuljetus1-1024x739.jpg 1024w, https:\/\/sevetiimifi.test.cchosting.fi\/wp-content\/uploads\/2019\/02\/Pakettikuljetus1.jpg 1288w\" sizes=\"(max-width: 300px) 100vw, 300px\" \/><\/p>\n<p><img loading=\"lazy\" decoding=\"async\" class=\"size-medium wp-image-36 aligncenter\" src=\"https:\/\/sevetiimifi.test.cchosting.fi\/wp-content\/uploads\/2019\/02\/Kuriiripalvelut-300x225.jpg\" alt=\"\" width=\"300\" height=\"225\" srcset=\"https:\/\/sevetiimifi.test.cchosting.fi\/wp-content\/uploads\/2019\/02\/Kuriiripalvelut-300x225.jpg 300w, https:\/\/sevetiimifi.test.cchosting.fi\/wp-content\/uploads\/2019\/02\/Kuriiripalvelut-768x576.jpg 768w, https:\/\/sevetiimifi.test.cchosting.fi\/wp-content\/uploads\/2019\/02\/Kuriiripalvelut-1024x768.jpg 1024w, https:\/\/sevetiimifi.test.cchosting.fi\/wp-content\/uploads\/2019\/02\/Kuriiripalvelut-1568x1176.jpg 1568w\" sizes=\"(max-width: 300px) 100vw, 300px\" \/><\/div><div class='clear_column'><\/div><\/p>\n<p><strong><span style=\"color: #1b1919;\">Kuriiripalvelut<\/span><\/strong><\/p>\n<p>Pist\u00e4 kirjekuoresi tai pakettisi matkaan minne tahansa ja milloin vain! Kuriiripalvelumme toimittaa l\u00e4htetykset sovitun mukaisesti yrityksiin tai yksityishenkil\u00f6ille. Kuriiripalvelumme k\u00e4sitt\u00e4\u00e4 tavaran noudon ja perilletoimituksen teid\u00e4n toivomallanne aikataululla. Rautainen tiet\u00e4mys Rautavaarasta ja sen l\u00e4hialueista takaa sen ett\u00e4 pakettisi on perill\u00e4 juuri silloin kuin sin\u00e4 haluat!<\/p>\n<p><strong><span style=\"color: #1b1919;\">Pakettipalvelut<\/span><\/strong><\/p>\n<p>Pakettipalvelumme toimittaa kaikenkokoiset paketit aina vihkisormuksista trumpetteihin perille asti luotettavasti. Paketit haetaan ja toimitetaan vastaanottajille pienill\u00e4 jakeluautoilla. Kuljettajamme huolehtivat pakettien hakemisesta ja perille toimittamisesta sananmukaisesti ovelta ovelle. Pakettien enimm\u00e4iskoko on Yhden sivun pituus 120 cm ja paino maksimissaan 30 kg. Mik\u00e4li haluat l\u00e4hett\u00e4\u00e4 isomman paketin kuin 120cm ja 30kg ilmoitathan siit\u00e4 meille etuk\u00e4teen niin osaamme varautua isoon l\u00e4hetykseen ja saat sen perille varmasti.<\/p>\n","protected":false},"excerpt":{"rendered":"<p>KULJETUSPALVELUT Kuljetuspalvelut ja lehdenjako Kuriiripalvelut Pist\u00e4 kirjekuoresi tai pakettisi matkaan minne tahansa ja milloin vain! Kuriiripalvelumme toimittaa l\u00e4htetykset sovitun mukaisesti yrityksiin tai yksityishenkil\u00f6ille. Kuriiripalvelumme k\u00e4sitt\u00e4\u00e4 tavaran noudon ja perilletoimituksen teid\u00e4n toivomallanne aikataululla. Rautainen tiet\u00e4mys Rautavaarasta ja sen l\u00e4hialueista takaa sen ett\u00e4 pakettisi on perill\u00e4 juuri silloin kuin sin\u00e4 haluat! Pakettipalvelut Pakettipalvelumme toimittaa kaikenkokoiset paketit aina&hellip;<\/p>\n","protected":false},"author":1,"featured_media":47,"parent":0,"menu_order":0,"comment_status":"closed","ping_status":"closed","template":"","meta":{"footnotes":""},"class_list":["post-15","page","type-page","status-publish","has-post-thumbnail","hentry"],"_links":{"self":[{"href":"https:\/\/sevetiimifi.test.cchosting.fi\/index.php?rest_route=\/wp\/v2\/pages\/15"}],"collection":[{"href":"https:\/\/sevetiimifi.test.cchosting.fi\/index.php?rest_route=\/wp\/v2\/pages"}],"about":[{"href":"https:\/\/sevetiimifi.test.cchosting.fi\/index.php?rest_route=\/wp\/v2\/types\/page"}],"author":[{"embeddable":true,"href":"https:\/\/sevetiimifi.test.cchosting.fi\/index.php?rest_route=\/wp\/v2\/users\/1"}],"replies":[{"embeddable":true,"href":"https:\/\/sevetiimifi.test.cchosting.fi\/index.php?rest_route=%2Fwp%2Fv2%2Fcomments&post=15"}],"version-history":[{"count":24,"href":"https:\/\/sevetiimifi.test.cchosting.fi\/index.php?rest_route=\/wp\/v2\/pages\/15\/revisions"}],"predecessor-version":[{"id":335,"href":"https:\/\/sevetiimifi.test.cchosting.fi\/index.php?rest_route=\/wp\/v2\/pages\/15\/revisions\/335"}],"wp:featuredmedia":[{"embeddable":true,"href":"https:\/\/sevetiimifi.test.cchosting.fi\/index.php?rest_route=\/wp\/v2\/media\/47"}],"wp:attachment":[{"href":"https:\/\/sevetiimifi.test.cchosting.fi\/index.php?rest_route=%2Fwp%2Fv2%2Fmedia&parent=15"}],"curies":[{"name":"wp","href":"https:\/\/api.w.org\/{rel}","templated":true}]}}