{"id":170,"date":"2019-02-27T13:05:54","date_gmt":"2019-02-27T13:05:54","guid":{"rendered":"https:\/\/sevetiimifi.test.cchosting.fi\/?page_id=170"},"modified":"2025-09-05T08:10:46","modified_gmt":"2025-09-05T08:10:46","slug":"myymala","status":"publish","type":"page","link":"https:\/\/sevetiimifi.test.cchosting.fi\/?page_id=170","title":{"rendered":"Myym\u00e4l\u00e4"},"content":{"rendered":"<h4><strong><span style=\"color: #1b1919;\">AUTOTARVIKE -JA SEKATAVARAMYYM\u00c4L\u00c4<\/span><\/strong><\/h4>\n<p>SeVe Tiimin autotarvike- ja sekatavaramyym\u00e4l\u00e4 palvelee Rautavaaran keskustassa tarjoten varaosat ja tarvikkeet, sek\u00e4 jokap\u00e4iv\u00e4isess\u00e4 el\u00e4m\u00e4ss\u00e4 tarvittavaa perustavaraa.<\/p>\n<p><strong>Avoinna<\/strong><br \/>\nMA-PE KLO 9-16<\/p>\n\t\t\t\t\t\t<div class=\"gallery_box_single\">\n\t\t\t\t\t\t\t\t\t\t\t\t\t\t\t<div class=\"gallery gllr_grid\" data-gllr-columns=\"5\" data-gllr-border-width=\"6\">\n\t\t\t\t\t\t\t\t\t\t\t\t\t\t\t\t\t\t\t\t<div class=\"gllr_image_row\">\n\t\t\t\t\t\t\t\t\t\t\t\t\t\t\t\t\t\t\t\t\t<div class=\"gllr_image_block\">\n\t\t\t\t\t\t\t\t\t\t\t\t<p style=\"\n\t\t\t\t\t\t\t\t\t\t\t\twidth:137px;height:106px;\t\t\t\t\t\t\t\t\t\t\t\t\">\n\t\t\t\t\t\t\t\t\t\t\t\t\t\t\t\t\t\t\t\t\t\t\t\t\t\t\t\t<a data-fancybox=\"gallery_fancybox_242\" href=\"https:\/\/sevetiimifi.test.cchosting.fi\/wp-content\/uploads\/2019\/02\/myymala7-1024x576.jpg\" title=\"\" >\n\t\t\t\t\t\t\t\t\t\t\t\t\t\t\t\t<img decoding=\"async\" width=&quot;125&quot; height=&quot;94&quot; style=\"width:125px; height:94px; border-width: 6px; border-color:#F1F1F1;border: 6px solid #F1F1F1\" alt=\"\" title=\"\" src=\"https:\/\/sevetiimifi.test.cchosting.fi\/wp-content\/uploads\/2019\/02\/myymala7-125x94.jpg\" rel=\"https:\/\/sevetiimifi.test.cchosting.fi\/wp-content\/uploads\/2019\/02\/myymala7.jpg\" \/>\t\t\t\t\t\t\t\t\t\t\t\t\t\t\t<\/a>\n\t\t\t\t\t\t\t\t\t\t\t\t\t\t\t\t\t\t\t\t\t\t\t\t\t\t<\/p>\n\t\t\t\t\t\t\t\t\t\t\t\t\t\t\t\t\t\t\t\t\t\t\t<\/div><!-- .gllr_image_block -->\n\t\t\t\t\t\t\t\t\t\t\t\t\t\t\t\t\t\t\t\t\t<div class=\"gllr_image_block\">\n\t\t\t\t\t\t\t\t\t\t\t\t<p style=\"\n\t\t\t\t\t\t\t\t\t\t\t\twidth:137px;height:106px;\t\t\t\t\t\t\t\t\t\t\t\t\">\n\t\t\t\t\t\t\t\t\t\t\t\t\t\t\t\t\t\t\t\t\t\t\t\t\t\t\t\t<a data-fancybox=\"gallery_fancybox_242\" href=\"https:\/\/sevetiimifi.test.cchosting.fi\/wp-content\/uploads\/2019\/02\/myymala6-1024x576.jpg\" title=\"\" >\n\t\t\t\t\t\t\t\t\t\t\t\t\t\t\t\t<img decoding=\"async\" width=&quot;125&quot; height=&quot;94&quot; style=\"width:125px; height:94px; border-width: 6px; border-color:#F1F1F1;border: 6px solid #F1F1F1\" alt=\"\" title=\"\" src=\"https:\/\/sevetiimifi.test.cchosting.fi\/wp-content\/uploads\/2019\/02\/myymala6.jpg\" rel=\"https:\/\/sevetiimifi.test.cchosting.fi\/wp-content\/uploads\/2019\/02\/myymala6.jpg\" \/>\t\t\t\t\t\t\t\t\t\t\t\t\t\t\t<\/a>\n\t\t\t\t\t\t\t\t\t\t\t\t\t\t\t\t\t\t\t\t\t\t\t\t\t\t<\/p>\n\t\t\t\t\t\t\t\t\t\t\t\t\t\t\t\t\t\t\t\t\t\t\t<\/div><!-- .gllr_image_block -->\n\t\t\t\t\t\t\t\t\t\t\t\t\t\t\t\t\t\t\t\t\t<div class=\"gllr_image_block\">\n\t\t\t\t\t\t\t\t\t\t\t\t<p style=\"\n\t\t\t\t\t\t\t\t\t\t\t\twidth:137px;height:106px;\t\t\t\t\t\t\t\t\t\t\t\t\">\n\t\t\t\t\t\t\t\t\t\t\t\t\t\t\t\t\t\t\t\t\t\t\t\t\t\t\t\t<a data-fancybox=\"gallery_fancybox_242\" href=\"https:\/\/sevetiimifi.test.cchosting.fi\/wp-content\/uploads\/2019\/02\/myymala4-1024x576.jpg\" title=\"\" >\n\t\t\t\t\t\t\t\t\t\t\t\t\t\t\t\t<img decoding=\"async\" width=&quot;125&quot; height=&quot;94&quot; style=\"width:125px; height:94px; border-width: 6px; border-color:#F1F1F1;border: 6px solid #F1F1F1\" alt=\"\" title=\"\" src=\"https:\/\/sevetiimifi.test.cchosting.fi\/wp-content\/uploads\/2019\/02\/myymala4-125x94.jpg\" rel=\"https:\/\/sevetiimifi.test.cchosting.fi\/wp-content\/uploads\/2019\/02\/myymala4.jpg\" \/>\t\t\t\t\t\t\t\t\t\t\t\t\t\t\t<\/a>\n\t\t\t\t\t\t\t\t\t\t\t\t\t\t\t\t\t\t\t\t\t\t\t\t\t\t<\/p>\n\t\t\t\t\t\t\t\t\t\t\t\t\t\t\t\t\t\t\t\t\t\t\t<\/div><!-- .gllr_image_block -->\n\t\t\t\t\t\t\t\t\t\t\t\t\t\t\t\t\t\t\t\t\t<div class=\"gllr_image_block\">\n\t\t\t\t\t\t\t\t\t\t\t\t<p style=\"\n\t\t\t\t\t\t\t\t\t\t\t\twidth:137px;height:106px;\t\t\t\t\t\t\t\t\t\t\t\t\">\n\t\t\t\t\t\t\t\t\t\t\t\t\t\t\t\t\t\t\t\t\t\t\t\t\t\t\t\t<a data-fancybox=\"gallery_fancybox_242\" href=\"https:\/\/sevetiimifi.test.cchosting.fi\/wp-content\/uploads\/2019\/02\/myymala1-1024x576.jpg\" title=\"\" >\n\t\t\t\t\t\t\t\t\t\t\t\t\t\t\t\t<img decoding=\"async\" width=&quot;125&quot; height=&quot;94&quot; style=\"width:125px; height:94px; border-width: 6px; border-color:#F1F1F1;border: 6px solid #F1F1F1\" alt=\"\" title=\"\" src=\"https:\/\/sevetiimifi.test.cchosting.fi\/wp-content\/uploads\/2019\/02\/myymala1.jpg\" rel=\"https:\/\/sevetiimifi.test.cchosting.fi\/wp-content\/uploads\/2019\/02\/myymala1.jpg\" \/>\t\t\t\t\t\t\t\t\t\t\t\t\t\t\t<\/a>\n\t\t\t\t\t\t\t\t\t\t\t\t\t\t\t\t\t\t\t\t\t\t\t\t\t\t<\/p>\n\t\t\t\t\t\t\t\t\t\t\t\t\t\t\t\t\t\t\t\t\t\t\t<\/div><!-- .gllr_image_block -->\n\t\t\t\t\t\t\t\t\t\t\t\t\t\t\t\t\t\t\t\t\t<div class=\"gllr_image_block\">\n\t\t\t\t\t\t\t\t\t\t\t\t<p style=\"\n\t\t\t\t\t\t\t\t\t\t\t\twidth:137px;height:106px;\t\t\t\t\t\t\t\t\t\t\t\t\">\n\t\t\t\t\t\t\t\t\t\t\t\t\t\t\t\t\t\t\t\t\t\t\t\t\t\t\t\t<a data-fancybox=\"gallery_fancybox_242\" href=\"https:\/\/sevetiimifi.test.cchosting.fi\/wp-content\/uploads\/2019\/02\/myymala3-1024x576.jpg\" title=\"\" >\n\t\t\t\t\t\t\t\t\t\t\t\t\t\t\t\t<img decoding=\"async\" width=&quot;125&quot; height=&quot;94&quot; style=\"width:125px; height:94px; border-width: 6px; border-color:#F1F1F1;border: 6px solid #F1F1F1\" alt=\"\" title=\"\" src=\"https:\/\/sevetiimifi.test.cchosting.fi\/wp-content\/uploads\/2019\/02\/myymala3-125x94.jpg\" rel=\"https:\/\/sevetiimifi.test.cchosting.fi\/wp-content\/uploads\/2019\/02\/myymala3.jpg\" \/>\t\t\t\t\t\t\t\t\t\t\t\t\t\t\t<\/a>\n\t\t\t\t\t\t\t\t\t\t\t\t\t\t\t\t\t\t\t\t\t\t\t\t\t\t<\/p>\n\t\t\t\t\t\t\t\t\t\t\t\t\t\t\t\t\t\t\t\t\t\t\t<\/div><!-- .gllr_image_block -->\n\t\t\t\t\t\t\t\t\t\t\t\t\t\t\t\t\t\t\t\t\t<\/div><!-- .gllr_image_row -->\n\t\t\t\t\t\t\t\t\t\t\t\t\t\t\t\t\t\t\t\t\t\t<div class=\"gllr_image_row\">\n\t\t\t\t\t\t\t\t\t\t\t\t\t\t\t\t\t\t\t\t\t<div class=\"gllr_image_block\">\n\t\t\t\t\t\t\t\t\t\t\t\t<p style=\"\n\t\t\t\t\t\t\t\t\t\t\t\twidth:137px;height:106px;\t\t\t\t\t\t\t\t\t\t\t\t\">\n\t\t\t\t\t\t\t\t\t\t\t\t\t\t\t\t\t\t\t\t\t\t\t\t\t\t\t\t<a data-fancybox=\"gallery_fancybox_242\" href=\"https:\/\/sevetiimifi.test.cchosting.fi\/wp-content\/uploads\/2019\/02\/myymala5-1024x576.jpg\" title=\"\" >\n\t\t\t\t\t\t\t\t\t\t\t\t\t\t\t\t<img decoding=\"async\" width=&quot;125&quot; height=&quot;94&quot; style=\"width:125px; height:94px; border-width: 6px; border-color:#F1F1F1;border: 6px solid #F1F1F1\" alt=\"\" title=\"\" src=\"https:\/\/sevetiimifi.test.cchosting.fi\/wp-content\/uploads\/2019\/02\/myymala5-125x94.jpg\" rel=\"https:\/\/sevetiimifi.test.cchosting.fi\/wp-content\/uploads\/2019\/02\/myymala5.jpg\" \/>\t\t\t\t\t\t\t\t\t\t\t\t\t\t\t<\/a>\n\t\t\t\t\t\t\t\t\t\t\t\t\t\t\t\t\t\t\t\t\t\t\t\t\t\t<\/p>\n\t\t\t\t\t\t\t\t\t\t\t\t\t\t\t\t\t\t\t\t\t\t\t<\/div><!-- .gllr_image_block -->\n\t\t\t\t\t\t\t\t\t\t\t\t\t\t\t\t\t\t\t\t\t<div class=\"gllr_image_block\">\n\t\t\t\t\t\t\t\t\t\t\t\t<p style=\"\n\t\t\t\t\t\t\t\t\t\t\t\twidth:137px;height:106px;\t\t\t\t\t\t\t\t\t\t\t\t\">\n\t\t\t\t\t\t\t\t\t\t\t\t\t\t\t\t\t\t\t\t\t\t\t\t\t\t\t\t<a data-fancybox=\"gallery_fancybox_242\" href=\"https:\/\/sevetiimifi.test.cchosting.fi\/wp-content\/uploads\/2019\/02\/myymala2-1024x576.jpg\" title=\"\" >\n\t\t\t\t\t\t\t\t\t\t\t\t\t\t\t\t<img decoding=\"async\" width=&quot;125&quot; height=&quot;94&quot; style=\"width:125px; height:94px; border-width: 6px; border-color:#F1F1F1;border: 6px solid #F1F1F1\" alt=\"\" title=\"\" src=\"https:\/\/sevetiimifi.test.cchosting.fi\/wp-content\/uploads\/2019\/02\/myymala2.jpg\" rel=\"https:\/\/sevetiimifi.test.cchosting.fi\/wp-content\/uploads\/2019\/02\/myymala2.jpg\" \/>\t\t\t\t\t\t\t\t\t\t\t\t\t\t\t<\/a>\n\t\t\t\t\t\t\t\t\t\t\t\t\t\t\t\t\t\t\t\t\t\t\t\t\t\t<\/p>\n\t\t\t\t\t\t\t\t\t\t\t\t\t\t\t\t\t\t\t\t\t\t\t<\/div><!-- .gllr_image_block -->\n\t\t\t\t\t\t\t\t\t\t\t\t\t\t\t\t\t\t\t\t\t<div class=\"clear\"><\/div>\n\t\t\t\t\t\t\t\t\t\t<\/div><!-- .gllr_image_row -->\n\t\t\t\t\t\t\t\t\t\t\t\t\t\t\t\t\t<\/div><!-- .gallery.clearfix -->\n\t\t\t\t\t\t\t\t\t\t\t\t\t\t<\/div><!-- .gallery_box_single -->\n\t\t\t\t\t\t<div class=\"gllr_clear\"><\/div>\n\t\t\t\t\t\t\n","protected":false},"excerpt":{"rendered":"<p>AUTOTARVIKE -JA SEKATAVARAMYYM\u00c4L\u00c4 SeVe Tiimin autotarvike- ja sekatavaramyym\u00e4l\u00e4 palvelee Rautavaaran keskustassa tarjoten varaosat ja tarvikkeet, sek\u00e4 jokap\u00e4iv\u00e4isess\u00e4 el\u00e4m\u00e4ss\u00e4 tarvittavaa perustavaraa. Avoinna MA-PE KLO 9-16<\/p>\n","protected":false},"author":1,"featured_media":314,"parent":0,"menu_order":0,"comment_status":"closed","ping_status":"closed","template":"","meta":{"footnotes":""},"class_list":["post-170","page","type-page","status-publish","has-post-thumbnail","hentry"],"_links":{"self":[{"href":"https:\/\/sevetiimifi.test.cchosting.fi\/index.php?rest_route=\/wp\/v2\/pages\/170"}],"collection":[{"href":"https:\/\/sevetiimifi.test.cchosting.fi\/index.php?rest_route=\/wp\/v2\/pages"}],"about":[{"href":"https:\/\/sevetiimifi.test.cchosting.fi\/index.php?rest_route=\/wp\/v2\/types\/page"}],"author":[{"embeddable":true,"href":"https:\/\/sevetiimifi.test.cchosting.fi\/index.php?rest_route=\/wp\/v2\/users\/1"}],"replies":[{"embeddable":true,"href":"https:\/\/sevetiimifi.test.cchosting.fi\/index.php?rest_route=%2Fwp%2Fv2%2Fcomments&post=170"}],"version-history":[{"count":12,"href":"https:\/\/sevetiimifi.test.cchosting.fi\/index.php?rest_route=\/wp\/v2\/pages\/170\/revisions"}],"predecessor-version":[{"id":451,"href":"https:\/\/sevetiimifi.test.cchosting.fi\/index.php?rest_route=\/wp\/v2\/pages\/170\/revisions\/451"}],"wp:featuredmedia":[{"embeddable":true,"href":"https:\/\/sevetiimifi.test.cchosting.fi\/index.php?rest_route=\/wp\/v2\/media\/314"}],"wp:attachment":[{"href":"https:\/\/sevetiimifi.test.cchosting.fi\/index.php?rest_route=%2Fwp%2Fv2%2Fmedia&parent=170"}],"curies":[{"name":"wp","href":"https:\/\/api.w.org\/{rel}","templated":true}]}}