{"id":21,"date":"2019-02-14T12:55:26","date_gmt":"2019-02-14T12:55:26","guid":{"rendered":"https:\/\/sevetiimifi.test.cchosting.fi\/?page_id=21"},"modified":"2019-03-06T09:07:45","modified_gmt":"2019-03-06T09:07:45","slug":"muut-palvelut","status":"publish","type":"page","link":"https:\/\/sevetiimifi.test.cchosting.fi\/?page_id=21","title":{"rendered":"Muut palvelut"},"content":{"rendered":"<h4><strong><span style=\"color: #1b1919;\">MUUT PALVELUT<\/span><\/strong><\/h4>\n<p><strong><span style=\"color: #1b1919;\">Polttopuiden teko ja myynti<\/span><\/strong><\/p>\n<p><div class='content-column one_half'><span style=\"color: #1b1919;\">Myymme ja ostamme my\u00f6s polttopuita! Myyntihinta 30 euroa \/ motti. My\u00f6s pienempi\u00e4 eri\u00e4 saatavilla tarvittaessa. Tarvittaessa my\u00f6s haemme puiden rangat mets\u00e4st\u00e4. K\u00e4yt\u00f6ss\u00e4mme on traktori, m\u00f6nkij\u00e4 ja moottorikelkka. Tarvittaessa tulemme my\u00f6s tekem\u00e4\u00e4n polttopuut paikan p\u00e4\u00e4lle! Huomioithan ett\u00e4 saat tarvittaessa hy\u00f6dynnetty\u00e4 kotitalousv\u00e4hennyksen.<\/span><\/p>\n<p><a href=\"http:\/\/www.vero.fi\/fi-FI\/Henkiloasiakkaat\/Kotitalousvahennys\" target=\"_blank\" rel=\"noopener noreferrer\">Lue lis\u00e4\u00e4 kotitalousv\u00e4hennyksest\u00e4<\/a><\/p><\/div><div class='content-column one_half last_column'><p><img loading=\"lazy\" decoding=\"async\" class=\"wp-image-38 size-medium aligncenter\" src=\"https:\/\/sevetiimifi.test.cchosting.fi\/wp-content\/uploads\/2019\/02\/Puunmyynti-300x199.jpg\" alt=\"\" width=\"300\" height=\"199\" srcset=\"https:\/\/sevetiimifi.test.cchosting.fi\/wp-content\/uploads\/2019\/02\/Puunmyynti-300x199.jpg 300w, https:\/\/sevetiimifi.test.cchosting.fi\/wp-content\/uploads\/2019\/02\/Puunmyynti-768x510.jpg 768w, https:\/\/sevetiimifi.test.cchosting.fi\/wp-content\/uploads\/2019\/02\/Puunmyynti-1024x680.jpg 1024w, https:\/\/sevetiimifi.test.cchosting.fi\/wp-content\/uploads\/2019\/02\/Puunmyynti.jpg 1200w\" sizes=\"(max-width: 300px) 100vw, 300px\" \/><\/p><\/div><div class='clear_column'><\/div><\/p>\n<p><strong><span style=\"color: #1b1919;\">Lumenauraus<\/span><\/strong><\/p>\n<p>Kun lumimyr\u00e4kk\u00e4 on muurannut tien kotiin tai m\u00f6kille umpeen tai lumet tippuvat alas m\u00f6kin katolta ja est\u00e4v\u00e4t kulkemisen ovelle, l\u00f6yd\u00e4t avun puhelisoiton p\u00e4\u00e4st\u00e4. Me tulemme mielell\u00e4mme apuun. K\u00e4yt\u00f6ss\u00e4mme on traktori, jonka avulla tiet kuin pihatkin saadaan aurattua auki.<\/p>\n","protected":false},"excerpt":{"rendered":"<p>MUUT PALVELUT Polttopuiden teko ja myynti Lumenauraus Kun lumimyr\u00e4kk\u00e4 on muurannut tien kotiin tai m\u00f6kille umpeen tai lumet tippuvat alas m\u00f6kin katolta ja est\u00e4v\u00e4t kulkemisen ovelle, l\u00f6yd\u00e4t avun puhelisoiton p\u00e4\u00e4st\u00e4. Me tulemme mielell\u00e4mme apuun. K\u00e4yt\u00f6ss\u00e4mme on traktori, jonka avulla tiet kuin pihatkin saadaan aurattua auki.<\/p>\n","protected":false},"author":1,"featured_media":275,"parent":0,"menu_order":0,"comment_status":"closed","ping_status":"closed","template":"","meta":{"footnotes":""},"class_list":["post-21","page","type-page","status-publish","has-post-thumbnail","hentry"],"_links":{"self":[{"href":"https:\/\/sevetiimifi.test.cchosting.fi\/index.php?rest_route=\/wp\/v2\/pages\/21"}],"collection":[{"href":"https:\/\/sevetiimifi.test.cchosting.fi\/index.php?rest_route=\/wp\/v2\/pages"}],"about":[{"href":"https:\/\/sevetiimifi.test.cchosting.fi\/index.php?rest_route=\/wp\/v2\/types\/page"}],"author":[{"embeddable":true,"href":"https:\/\/sevetiimifi.test.cchosting.fi\/index.php?rest_route=\/wp\/v2\/users\/1"}],"replies":[{"embeddable":true,"href":"https:\/\/sevetiimifi.test.cchosting.fi\/index.php?rest_route=%2Fwp%2Fv2%2Fcomments&post=21"}],"version-history":[{"count":19,"href":"https:\/\/sevetiimifi.test.cchosting.fi\/index.php?rest_route=\/wp\/v2\/pages\/21\/revisions"}],"predecessor-version":[{"id":234,"href":"https:\/\/sevetiimifi.test.cchosting.fi\/index.php?rest_route=\/wp\/v2\/pages\/21\/revisions\/234"}],"wp:featuredmedia":[{"embeddable":true,"href":"https:\/\/sevetiimifi.test.cchosting.fi\/index.php?rest_route=\/wp\/v2\/media\/275"}],"wp:attachment":[{"href":"https:\/\/sevetiimifi.test.cchosting.fi\/index.php?rest_route=%2Fwp%2Fv2%2Fmedia&parent=21"}],"curies":[{"name":"wp","href":"https:\/\/api.w.org\/{rel}","templated":true}]}}