{"id":30,"date":"2019-02-14T12:57:25","date_gmt":"2019-02-14T12:57:25","guid":{"rendered":"https:\/\/sevetiimifi.test.cchosting.fi\/?page_id=30"},"modified":"2025-09-05T08:09:17","modified_gmt":"2025-09-05T08:09:17","slug":"yhteystiedot","status":"publish","type":"page","link":"https:\/\/sevetiimifi.test.cchosting.fi\/?page_id=30","title":{"rendered":"Yhteystiedot"},"content":{"rendered":"<h4><strong><span style=\"color: #1b1919;\">YHTEYSTIEDOT<\/span><\/strong><\/h4>\n<div class='content-column one_half'><p>SeVe TIIMI Oy<br \/>\npuh. 045-6147589 (24h)<\/p>\n<p>Y-tunnus: 2901359-3<\/p>\n<hr align=\"left\" width=\"80%\" \/>\n<p><strong>Myym\u00e4l\u00e4<\/strong><\/p>\n<p>Savontie 17<br \/>\n73900 RAUTAVAARA<\/p>\n<p><strong>Avoinna<\/strong><br \/>\nMA-PE klo 9-16<\/p>\n<hr align=\"left\" width=\"80%\" \/>\n<p><strong>Korjaamo<\/strong><\/p>\n<p>PUHELIN 0417285576<\/p>\n<p>TULIM\u00c4ENTIE 14<br \/>\n73900 RAUTAVAARA<\/p>\n<p><strong>Avoinna<\/strong><br \/>\nMA &#8211; PE klo 9-15<br \/>\nMUINA AIKOINA SOPIMUKSEN MUKAAN ( MY\u00d6S VKLP)<\/p>\n<p>&nbsp;<\/p>\n<p>K\u00c4YT\u00d6SS\u00c4MME MONIMERKKITESTERI SEK\u00c4 VCDS VAG KONSERNIN AUTOIHIN.<\/p><\/div><div class='content-column one_half last_column'><iframe loading=\"lazy\" style=\"border: 0;\" src=\"https:\/\/www.google.com\/maps\/embed?pb=!1m18!1m12!1m3!1d1780.5966847491386!2d28.29448111604221!3d63.49440807736625!2m3!1f0!2f0!3f0!3m2!1i1024!2i768!4f13.1!3m3!1m2!1s0x4683391b2a63ffdf%3A0x95fbe1719ee2ac1d!2sSavontie+17%2C+73900+Rautavaara!5e0!3m2!1sfi!2sfi!4v1551358340971\" width=\"100%\" height=\"250\" frameborder=\"0\" allowfullscreen=\"allowfullscreen\"><\/iframe><br \/>\n<span style=\"color: #1b1919;\">Myym\u00e4l\u00e4 osoitteessa Savontie 17<\/span><\/p>\n<p><iframe loading=\"lazy\" style=\"border: 0;\" src=\"https:\/\/www.google.com\/maps\/embed?pb=!1m18!1m12!1m3!1d2518.0603473801893!2d28.289327045282228!3d63.49535706805454!2m3!1f0!2f0!3f0!3m2!1i1024!2i768!4f13.1!3m3!1m2!1s0x4683391a39316d5f%3A0x6b5acb3b51d4136e!2sTulim%C3%A4entie+14%2C+73900+Rautavaara!5e0!3m2!1sfi!2sfi!4v1551358390201\" width=\"100%\" height=\"250\" frameborder=\"0\" allowfullscreen=\"allowfullscreen\"><\/iframe><br \/>\nKorjaamo osoitteessa Tulim\u00e4entie 14<\/div><div class='clear_column'><\/div><\/p>\n","protected":false},"excerpt":{"rendered":"<p>YHTEYSTIEDOT<\/p>\n","protected":false},"author":1,"featured_media":316,"parent":0,"menu_order":0,"comment_status":"closed","ping_status":"closed","template":"","meta":{"footnotes":""},"class_list":["post-30","page","type-page","status-publish","has-post-thumbnail","hentry"],"_links":{"self":[{"href":"https:\/\/sevetiimifi.test.cchosting.fi\/index.php?rest_route=\/wp\/v2\/pages\/30"}],"collection":[{"href":"https:\/\/sevetiimifi.test.cchosting.fi\/index.php?rest_route=\/wp\/v2\/pages"}],"about":[{"href":"https:\/\/sevetiimifi.test.cchosting.fi\/index.php?rest_route=\/wp\/v2\/types\/page"}],"author":[{"embeddable":true,"href":"https:\/\/sevetiimifi.test.cchosting.fi\/index.php?rest_route=\/wp\/v2\/users\/1"}],"replies":[{"embeddable":true,"href":"https:\/\/sevetiimifi.test.cchosting.fi\/index.php?rest_route=%2Fwp%2Fv2%2Fcomments&post=30"}],"version-history":[{"count":18,"href":"https:\/\/sevetiimifi.test.cchosting.fi\/index.php?rest_route=\/wp\/v2\/pages\/30\/revisions"}],"predecessor-version":[{"id":450,"href":"https:\/\/sevetiimifi.test.cchosting.fi\/index.php?rest_route=\/wp\/v2\/pages\/30\/revisions\/450"}],"wp:featuredmedia":[{"embeddable":true,"href":"https:\/\/sevetiimifi.test.cchosting.fi\/index.php?rest_route=\/wp\/v2\/media\/316"}],"wp:attachment":[{"href":"https:\/\/sevetiimifi.test.cchosting.fi\/index.php?rest_route=%2Fwp%2Fv2%2Fmedia&parent=30"}],"curies":[{"name":"wp","href":"https:\/\/api.w.org\/{rel}","templated":true}]}}